{"id":574,"date":"2022-01-06T20:19:11","date_gmt":"2022-01-06T19:19:11","guid":{"rendered":"http:\/\/mjcvam.fr\/wordpress\/?page_id=574"},"modified":"2025-07-28T15:40:24","modified_gmt":"2025-07-28T13:40:24","slug":"574-2","status":"publish","type":"page","link":"https:\/\/mjcvam.fr\/wordpress\/?page_id=574","title":{"rendered":"MODELAGE ET SCULPTURE C\u00c9RAMIQUE"},"content":{"rendered":"\n<p>Exp\u00e9rimenter le modelage et la sculpture figurative.<\/p>\n\n\n\n<p><strong>Pour qui<\/strong>\u00a0: adultes et\/ou enfants de plus de 6 ans<\/p>\n\n\n\n<p><strong>Quand&nbsp;<\/strong>: 2 lundis par mois, de 17h \u00e0 19h<\/p>\n\n\n\n<p><strong>O\u00f9<\/strong>&nbsp;: salle des associations (salle du stade) \u00e0 Paizay-le-Sec<\/p>\n\n\n\n<p><strong>Avec qui : <\/strong>Sylvie Edeline<\/p>\n\n\n\n<p><strong>Combien<\/strong>\u00a0: tarif E<\/p>\n\n\n\n<p>.<\/p>\n","protected":false},"excerpt":{"rendered":"<p>Exp\u00e9rimenter le modelage et la sculpture figurative. Pour qui\u00a0: adultes et\/ou enfants de plus de 6 ans Quand&nbsp;: 2 lundis par mois, de 17h \u00e0 19h O\u00f9&nbsp;: salle des associations (salle du stade) \u00e0 Paizay-le-Sec Avec qui : Sylvie Edeline Combien\u00a0: tarif E .<\/p>\n","protected":false},"author":3,"featured_media":0,"parent":0,"menu_order":0,"comment_status":"closed","ping_status":"closed","template":"","meta":{"_regular_price":[],"currency_symbol":[],"footnotes":""},"class_list":["post-574","page","type-page","status-publish","hentry"],"post_slider_layout_featured_media_urls":{"thumbnail":"","post_slider_layout_landscape_large":"","post_slider_layout_portrait_large":"","post_slider_layout_square_large":"","post_slider_layout_landscape":"","post_slider_layout_portrait":"","post_slider_layout_square":"","full":""},"_links":{"self":[{"href":"https:\/\/mjcvam.fr\/wordpress\/index.php?rest_route=\/wp\/v2\/pages\/574","targetHints":{"allow":["GET"]}}],"collection":[{"href":"https:\/\/mjcvam.fr\/wordpress\/index.php?rest_route=\/wp\/v2\/pages"}],"about":[{"href":"https:\/\/mjcvam.fr\/wordpress\/index.php?rest_route=\/wp\/v2\/types\/page"}],"author":[{"embeddable":true,"href":"https:\/\/mjcvam.fr\/wordpress\/index.php?rest_route=\/wp\/v2\/users\/3"}],"replies":[{"embeddable":true,"href":"https:\/\/mjcvam.fr\/wordpress\/index.php?rest_route=%2Fwp%2Fv2%2Fcomments&post=574"}],"version-history":[{"count":10,"href":"https:\/\/mjcvam.fr\/wordpress\/index.php?rest_route=\/wp\/v2\/pages\/574\/revisions"}],"predecessor-version":[{"id":2244,"href":"https:\/\/mjcvam.fr\/wordpress\/index.php?rest_route=\/wp\/v2\/pages\/574\/revisions\/2244"}],"wp:attachment":[{"href":"https:\/\/mjcvam.fr\/wordpress\/index.php?rest_route=%2Fwp%2Fv2%2Fmedia&parent=574"}],"curies":[{"name":"wp","href":"https:\/\/api.w.org\/{rel}","templated":true}]}}