{"id":540,"date":"2022-01-06T19:38:47","date_gmt":"2022-01-06T18:38:47","guid":{"rendered":"http:\/\/mjcvam.fr\/wordpress\/?page_id=540"},"modified":"2025-07-28T15:20:11","modified_gmt":"2025-07-28T13:20:11","slug":"540-2","status":"publish","type":"page","link":"https:\/\/mjcvam.fr\/wordpress\/?page_id=540","title":{"rendered":"Atelier cr\u00e9ation"},"content":{"rendered":"\n<div class=\"wp-block-columns is-layout-flex wp-container-core-columns-is-layout-9d6595d7 wp-block-columns-is-layout-flex\">\n<div class=\"wp-block-column is-layout-flow wp-block-column-is-layout-flow\">\n<p>A partir d&rsquo;un th\u00e8me, nous chercherons collectivement \u00e0 construire une forme th\u00e9\u00e2trale, qui deviendra spectacle !<\/p>\n\n\n\n<p>Nos outils de cr\u00e9ation : le corps, le mouvement, l&rsquo;improvisation, les mots et les textes.<\/p>\n\n\n\n<p><strong>Pour qui :<\/strong> tous, \u00e0 partir de 16 ans<\/p>\n\n\n\n<p><strong>Quand :<\/strong> mardi de 19h \u00e0 21h<\/p>\n\n\n\n<p><strong>O\u00f9 :<\/strong> \u00e0 la MJC VAM<\/p>\n\n\n\n<p><strong>Avec qui :<\/strong> Valentine Chambet et Bruno Foret<\/p>\n\n\n\n<p><strong>Combien :<\/strong> tarif E<\/p>\n\n\n\n<p><br><\/p>\n<\/div>\n<\/div>\n","protected":false},"excerpt":{"rendered":"<p>A partir d&rsquo;un th\u00e8me, nous chercherons collectivement \u00e0 construire une forme th\u00e9\u00e2trale, qui deviendra spectacle ! Nos outils de cr\u00e9ation : le corps, le mouvement, l&rsquo;improvisation, les mots et les textes. Pour qui : tous, \u00e0 partir de 16 ans Quand : mardi de 19h \u00e0 21h O\u00f9 : \u00e0 la MJC VAM Avec qui [&hellip;]<\/p>\n","protected":false},"author":3,"featured_media":0,"parent":0,"menu_order":0,"comment_status":"closed","ping_status":"closed","template":"","meta":{"_regular_price":[],"currency_symbol":[],"footnotes":""},"class_list":["post-540","page","type-page","status-publish","hentry"],"post_slider_layout_featured_media_urls":{"thumbnail":"","post_slider_layout_landscape_large":"","post_slider_layout_portrait_large":"","post_slider_layout_square_large":"","post_slider_layout_landscape":"","post_slider_layout_portrait":"","post_slider_layout_square":"","full":""},"_links":{"self":[{"href":"https:\/\/mjcvam.fr\/wordpress\/index.php?rest_route=\/wp\/v2\/pages\/540","targetHints":{"allow":["GET"]}}],"collection":[{"href":"https:\/\/mjcvam.fr\/wordpress\/index.php?rest_route=\/wp\/v2\/pages"}],"about":[{"href":"https:\/\/mjcvam.fr\/wordpress\/index.php?rest_route=\/wp\/v2\/types\/page"}],"author":[{"embeddable":true,"href":"https:\/\/mjcvam.fr\/wordpress\/index.php?rest_route=\/wp\/v2\/users\/3"}],"replies":[{"embeddable":true,"href":"https:\/\/mjcvam.fr\/wordpress\/index.php?rest_route=%2Fwp%2Fv2%2Fcomments&post=540"}],"version-history":[{"count":13,"href":"https:\/\/mjcvam.fr\/wordpress\/index.php?rest_route=\/wp\/v2\/pages\/540\/revisions"}],"predecessor-version":[{"id":2232,"href":"https:\/\/mjcvam.fr\/wordpress\/index.php?rest_route=\/wp\/v2\/pages\/540\/revisions\/2232"}],"wp:attachment":[{"href":"https:\/\/mjcvam.fr\/wordpress\/index.php?rest_route=%2Fwp%2Fv2%2Fmedia&parent=540"}],"curies":[{"name":"wp","href":"https:\/\/api.w.org\/{rel}","templated":true}]}}