{"id":452,"date":"2021-12-07T15:53:51","date_gmt":"2021-12-07T14:53:51","guid":{"rendered":"http:\/\/mjcvam.fr\/wordpress\/?page_id=452"},"modified":"2025-05-14T17:28:49","modified_gmt":"2025-05-14T15:28:49","slug":"infos-pratiques","status":"publish","type":"page","link":"https:\/\/mjcvam.fr\/wordpress\/?page_id=452","title":{"rendered":"INFOS PRATIQUES"},"content":{"rendered":"\n<p class=\"has-text-align-center has-vivid-cyan-blue-color has-text-color has-medium-font-size\"><strong>JOURS ET HORAIRES D&rsquo;OUVERTURE ACCUEIL MJC VAM<\/strong><\/p>\n\n\n\n<p><\/p>\n\n\n\n<p><\/p>\n\n\n\n<p><\/p>\n\n\n\n<p class=\"has-text-align-center\">Lundi 8h30 &#8211; 12h30 \/ 14h &#8211; 17h30<\/p>\n\n\n\n<p class=\"has-text-align-center\">Mardi 8h30 &#8211; 12h30 \/ 14h &#8211; 17h<\/p>\n\n\n\n<p class=\"has-text-align-center\">Mercredi 8h30 &#8211; 12h30 \/ 14h &#8211; 17h30<\/p>\n\n\n\n<p class=\"has-text-align-center\">Jeudi 8h30 &#8211; 12h30 \/ 14h &#8211; 17h<\/p>\n\n\n\n<p class=\"has-text-align-center\">Vendredi 8h30 &#8211; 12h30 \/ 14h &#8211; 16h<\/p>\n\n\n\n<p><\/p>\n\n\n\n<p><\/p>\n\n\n\n<hr class=\"wp-block-separator has-css-opacity\"\/>\n\n\n\n<p class=\"has-text-align-center has-vivid-cyan-blue-color has-text-color has-medium-font-size\"><strong>NOUS TROUVER<\/strong><\/p>\n\n\n\n<div class=\"wp-block-ive-google-map alignnone ive_google_map_94e9ce-3c\"><div id=\"overlay\" style=\"cursor:pointer\"><\/div><div class=\"ive-google-map__wrap\" id=\"ive-google-map-4094e9ce-3c30-496d-85e5-c025f155242c\"><iframe class=\"ive-google-map__iframe\" src=\"https:\/\/maps.google.com\/maps?q=2%20rue%20des%20ecoles%20Saint%20Germain%2086310&amp;t=&amp;z=12&amp;ie=UTF8&amp;iwloc=&amp;output=embed\" style=\"height:300px;width:100%;opacity:1\"><\/iframe><\/div><\/div>\n\n\n\n<p><\/p>\n\n\n\n<p class=\"has-vivid-cyan-blue-color has-text-color has-medium-font-size\">Deux entr\u00e9es : <\/p>\n\n\n\n<p>&#8211; Entr\u00e9e centre de loisirs, secteur ados, ateliers (poterie, yoga, danse, QiGong)  <br>&#8211; Entr\u00e9e des bureaux et bo\u00eete aux lettres 2 rue des \u00e9coles<\/p>\n\n\n\n<figure class=\"wp-block-gallery has-nested-images columns-default is-cropped wp-block-gallery-1 is-layout-flex wp-block-gallery-is-layout-flex\">\n<figure class=\"wp-block-image size-large\"><img decoding=\"async\" width=\"1024\" height=\"768\" data-id=\"453\" src=\"https:\/\/mjcvam.fr\/wordpress\/wp-content\/uploads\/2021\/12\/263772701_1687569314917463_6392910900007153692_n-1024x768.jpg\" alt=\"\" class=\"wp-image-453\" srcset=\"https:\/\/mjcvam.fr\/wordpress\/wp-content\/uploads\/2021\/12\/263772701_1687569314917463_6392910900007153692_n-1024x768.jpg 1024w, https:\/\/mjcvam.fr\/wordpress\/wp-content\/uploads\/2021\/12\/263772701_1687569314917463_6392910900007153692_n-300x225.jpg 300w, https:\/\/mjcvam.fr\/wordpress\/wp-content\/uploads\/2021\/12\/263772701_1687569314917463_6392910900007153692_n-768x576.jpg 768w, https:\/\/mjcvam.fr\/wordpress\/wp-content\/uploads\/2021\/12\/263772701_1687569314917463_6392910900007153692_n-1536x1152.jpg 1536w, https:\/\/mjcvam.fr\/wordpress\/wp-content\/uploads\/2021\/12\/263772701_1687569314917463_6392910900007153692_n.jpg 1920w\" sizes=\"(max-width: 1024px) 100vw, 1024px\" \/><\/figure>\n\n\n\n<figure class=\"wp-block-image size-large\"><img decoding=\"async\" width=\"1024\" height=\"750\" data-id=\"454\" src=\"https:\/\/mjcvam.fr\/wordpress\/wp-content\/uploads\/2021\/12\/263870931_1687569371584124_3554076720945718029_n-1024x750.jpg\" alt=\"\" class=\"wp-image-454\" srcset=\"https:\/\/mjcvam.fr\/wordpress\/wp-content\/uploads\/2021\/12\/263870931_1687569371584124_3554076720945718029_n-1024x750.jpg 1024w, https:\/\/mjcvam.fr\/wordpress\/wp-content\/uploads\/2021\/12\/263870931_1687569371584124_3554076720945718029_n-300x220.jpg 300w, https:\/\/mjcvam.fr\/wordpress\/wp-content\/uploads\/2021\/12\/263870931_1687569371584124_3554076720945718029_n-768x562.jpg 768w, https:\/\/mjcvam.fr\/wordpress\/wp-content\/uploads\/2021\/12\/263870931_1687569371584124_3554076720945718029_n-1536x1124.jpg 1536w, https:\/\/mjcvam.fr\/wordpress\/wp-content\/uploads\/2021\/12\/263870931_1687569371584124_3554076720945718029_n.jpg 1920w\" sizes=\"(max-width: 1024px) 100vw, 1024px\" \/><\/figure>\n<\/figure>\n\n\n\n<hr class=\"wp-block-separator has-css-opacity\"\/>\n\n\n\n<p><\/p>\n\n\n\n<p class=\"has-text-align-center has-vivid-cyan-blue-color has-text-color has-medium-font-size\"><strong>NOUS CONTACTER<\/strong><\/p>\n\n\n\n<div class=\"wp-block-columns is-layout-flex wp-container-core-columns-is-layout-9d6595d7 wp-block-columns-is-layout-flex\">\n<div class=\"wp-block-column is-vertically-aligned-center is-layout-flow wp-block-column-is-layout-flow\">\n<p class=\"has-text-align-center\">Pour tous renseignements<br> hors centre de loisirs<br>tel : 09.51.95.27.09<br>accueil@mjcvam.fr<\/p>\n<\/div>\n\n\n\n<div class=\"wp-block-column is-vertically-aligned-center is-layout-flow wp-block-column-is-layout-flow\">\n<p class=\"has-text-align-center\">Enfance \/ Centre de loisirs<br>tel : 07.83.32.11.41<br>enfance@mjcvam.fr<\/p>\n<\/div>\n\n\n\n<div class=\"wp-block-column is-vertically-aligned-center is-layout-flow wp-block-column-is-layout-flow\">\n<p class=\"has-text-align-center\">Ados \/ Centre de loisirs<br>tel : 06.25.43.26.17<br>jeunesse@mjcvam.fr<\/p>\n<\/div>\n<\/div>\n\n\n\n<p><\/p>\n","protected":false},"excerpt":{"rendered":"<p>JOURS ET HORAIRES D&rsquo;OUVERTURE ACCUEIL MJC VAM Lundi 8h30 &#8211; 12h30 \/ 14h &#8211; 17h30 Mardi 8h30 &#8211; 12h30 \/ 14h &#8211; 17h Mercredi 8h30 &#8211; 12h30 \/ 14h &#8211; 17h30 Jeudi 8h30 &#8211; 12h30 \/ 14h &#8211; 17h Vendredi 8h30 &#8211; 12h30 \/ 14h &#8211; 16h NOUS TROUVER Deux entr\u00e9es : &#8211; Entr\u00e9e centre [&hellip;]<\/p>\n","protected":false},"author":3,"featured_media":0,"parent":0,"menu_order":0,"comment_status":"closed","ping_status":"closed","template":"","meta":{"_regular_price":[],"currency_symbol":[],"footnotes":""},"class_list":["post-452","page","type-page","status-publish","hentry"],"post_slider_layout_featured_media_urls":{"thumbnail":"","post_slider_layout_landscape_large":"","post_slider_layout_portrait_large":"","post_slider_layout_square_large":"","post_slider_layout_landscape":"","post_slider_layout_portrait":"","post_slider_layout_square":"","full":""},"_links":{"self":[{"href":"https:\/\/mjcvam.fr\/wordpress\/index.php?rest_route=\/wp\/v2\/pages\/452","targetHints":{"allow":["GET"]}}],"collection":[{"href":"https:\/\/mjcvam.fr\/wordpress\/index.php?rest_route=\/wp\/v2\/pages"}],"about":[{"href":"https:\/\/mjcvam.fr\/wordpress\/index.php?rest_route=\/wp\/v2\/types\/page"}],"author":[{"embeddable":true,"href":"https:\/\/mjcvam.fr\/wordpress\/index.php?rest_route=\/wp\/v2\/users\/3"}],"replies":[{"embeddable":true,"href":"https:\/\/mjcvam.fr\/wordpress\/index.php?rest_route=%2Fwp%2Fv2%2Fcomments&post=452"}],"version-history":[{"count":17,"href":"https:\/\/mjcvam.fr\/wordpress\/index.php?rest_route=\/wp\/v2\/pages\/452\/revisions"}],"predecessor-version":[{"id":2147,"href":"https:\/\/mjcvam.fr\/wordpress\/index.php?rest_route=\/wp\/v2\/pages\/452\/revisions\/2147"}],"wp:attachment":[{"href":"https:\/\/mjcvam.fr\/wordpress\/index.php?rest_route=%2Fwp%2Fv2%2Fmedia&parent=452"}],"curies":[{"name":"wp","href":"https:\/\/api.w.org\/{rel}","templated":true}]}}